{"id":13,"date":"2025-08-11T09:55:11","date_gmt":"2025-08-11T09:55:11","guid":{"rendered":"https:\/\/eticheteambalaje.ro\/?page_id=13"},"modified":"2025-08-26T11:17:55","modified_gmt":"2025-08-26T11:17:55","slug":"contact","status":"publish","type":"page","link":"https:\/\/eticheteambalaje.ro\/?page_id=13","title":{"rendered":"contact"},"content":{"rendered":"<div class=\"wpb-content-wrapper\"><p>[vc_row][vc_column][vc_empty_space height=&#8221;60&#8243;][vc_row_inner][vc_column_inner][vc_column_text css=&#8221;.vc_custom_1756207073211{margin-bottom: 50px !important;padding-top: 10px !important;}&#8221;]<\/p>\n<h1><strong><span style=\"color: #808080;\">Un ambalaj <span style=\"color: #000000;\">conceput inteligent<\/span> poate <span style=\"color: #000000;\">comunica eficient<\/span> valoarea \u0219i identitatea produsului.<\/span><\/strong><\/h1>\n<p>[\/vc_column_text][vc_empty_space height=&#8221;60&#8243;][\/vc_column_inner][\/vc_row_inner][vc_row_inner][vc_column_inner width=&#8221;1\/4&#8243;][vc_column_text]Ai un proiect pentru noi? Perfect! Ne plac provoc\u0103rile. Folose\u0219te formularul urm\u0103tor, num\u0103rul de telefon sau adresa de mail pentru a ne contacta.[\/vc_column_text][\/vc_column_inner][vc_column_inner width=&#8221;1\/4&#8243;][vc_column_text]<\/p>\n<h4><span style=\"color: #999999;\">Servicii de pint<\/span><\/h4>\n<p>[\/vc_column_text]\t\t\t<link rel=\"stylesheet\" id=\"basel-el-info-box-css\" href=\"https:\/\/eticheteambalaje.ro\/wp-content\/themes\/basel-2\/css\/parts\/el-info-box.min.css?ver=5.7.2\" type=\"text\/css\" media=\"all\" \/> \t\t\t\t\t\t<div class=\" basel-info-box2 text-left icon-alignment-left box-style-base color-scheme-dark  with-animation \" onclick=\"\">\n\t\t\t\t\t\t\t\t\t<div class=\"box-icon-wrapper\">\n\t\t\t\t\t\t<div class=\"info-box-icon\">\n\t\t\t\t\t\t\t\t\t\t\t\t\t\t\t\t\t\t\t\t\t\t\t\t\t\t\t\t\t\t\t\t\t\t\t\t\t\t\t\t<\/div>\n\t\t\t\t\t<\/div>\n\t\t\t\t\t\t\t\t<div class=\"info-box-content\">\n\t\t\t\t\t<div class=\"info-box-inner\">\n\t\t\t\t\t\t<p><a href=\"tel:0741589494\">+40 751 387 594<br \/>\n<\/a><a href=\"mailto:contact@eticheteambalaje.ro\/\">contact@eticheteambalaje.ro\/<\/a><\/p>\n<p><span style=\"color: #808080;\">Simion Barnu\u021biu 13, et.1<\/span><\/p>\n<p><span style=\"color: #999999;\">Luni &#8211; Vineri 09:00 &#8211; 17:fix<\/span><br \/>\n<span style=\"color: #999999;\">S\u00e2mb\u0103t\u0103 &#8211; Duminic\u0103 \u00eenchis<\/span><\/p>\n\t\t\t\t\t<\/div>\n\t\t\t\t<\/div>\n\t\t\t<\/div>\n\t\t[\/vc_column_inner][vc_column_inner width=&#8221;1\/4&#8243;][vc_column_text]<\/p>\n<h4><span style=\"color: #999999;\">Servicii grafic\u0103<\/span><\/h4>\n<p>[\/vc_column_text]\t\t\t<div class=\" basel-info-box2 text-left icon-alignment-left box-style-base color-scheme-dark  with-animation \" onclick=\"\">\n\t\t\t\t\t\t\t\t\t<div class=\"box-icon-wrapper\">\n\t\t\t\t\t\t<div class=\"info-box-icon\">\n\t\t\t\t\t\t\t\t\t\t\t\t\t\t\t\t\t\t\t\t\t\t\t\t\t\t\t\t\t\t\t\t\t\t\t\t\t\t\t\t<\/div>\n\t\t\t\t\t<\/div>\n\t\t\t\t\t\t\t\t<div class=\"info-box-content\">\n\t\t\t\t\t<div class=\"info-box-inner\">\n\t\t\t\t\t\t<p><a href=\"tel:+40759098307\">+4 0759 098 307<\/a><br \/>\n<a href=\"mailto:celmaitare@celmaitare.eu\">c<\/a><a href=\"mailto:elmaitare@celmaitare.eu\">elmaitare@celmaitare.eu<\/a><\/p>\n<p><span style=\"color: #808080;\">Ivan Petrovici Pavlov nr.1<\/span><\/p>\n<p><span style=\"color: #808080;\"><span style=\"color: #999999;\"><span style=\"caret-color: #999999;\">Luni &#8211; Vineri\u00a0<\/span><\/span><\/span><br \/>\n<span style=\"color: #808080;\">09:00 &#8211; 17:fix<\/span><br \/>\n<span style=\"color: #808080;\">S\u00e2mb\u0103t\u0103 &#8211; Duminic\u0103 \u00eenchis<\/span><\/p>\n\t\t\t\t\t<\/div>\n\t\t\t\t<\/div>\n\t\t\t<\/div>\n\t\t[\/vc_column_inner][vc_column_inner width=&#8221;1\/4&#8243;][vc_column_text]<\/p>\n<h4><span style=\"color: #999999;\">Cariere<\/span><\/h4>\n<p>[\/vc_column_text][\/vc_column_inner][\/vc_row_inner][\/vc_column][\/vc_row]<\/p>\n<\/div>","protected":false},"excerpt":{"rendered":"<p>[vc_row][vc_column][vc_empty_space height=&#8221;60&#8243;][vc_row_inner][vc_column_inner][vc_column_text css=&#8221;.vc_custom_1756207073211{margin-bottom: 50px !important;padding-top: 10px !important;}&#8221;] Un ambalaj conceput inteligent poate comunica eficient valoarea \u0219i identitatea produsului. [\/vc_column_text][vc_empty_space height=&#8221;60&#8243;][\/vc_column_inner][\/vc_row_inner][vc_row_inner][vc_column_inner<\/p>\n","protected":false},"author":1,"featured_media":0,"parent":0,"menu_order":0,"comment_status":"closed","ping_status":"closed","template":"","meta":{"footnotes":""},"class_list":["post-13","page","type-page","status-publish","hentry"],"_links":{"self":[{"href":"https:\/\/eticheteambalaje.ro\/index.php?rest_route=\/wp\/v2\/pages\/13","targetHints":{"allow":["GET"]}}],"collection":[{"href":"https:\/\/eticheteambalaje.ro\/index.php?rest_route=\/wp\/v2\/pages"}],"about":[{"href":"https:\/\/eticheteambalaje.ro\/index.php?rest_route=\/wp\/v2\/types\/page"}],"author":[{"embeddable":true,"href":"https:\/\/eticheteambalaje.ro\/index.php?rest_route=\/wp\/v2\/users\/1"}],"replies":[{"embeddable":true,"href":"https:\/\/eticheteambalaje.ro\/index.php?rest_route=%2Fwp%2Fv2%2Fcomments&post=13"}],"version-history":[{"count":6,"href":"https:\/\/eticheteambalaje.ro\/index.php?rest_route=\/wp\/v2\/pages\/13\/revisions"}],"predecessor-version":[{"id":56,"href":"https:\/\/eticheteambalaje.ro\/index.php?rest_route=\/wp\/v2\/pages\/13\/revisions\/56"}],"wp:attachment":[{"href":"https:\/\/eticheteambalaje.ro\/index.php?rest_route=%2Fwp%2Fv2%2Fmedia&parent=13"}],"curies":[{"name":"wp","href":"https:\/\/api.w.org\/{rel}","templated":true}]}}