{"id":16,"date":"2025-08-11T09:55:36","date_gmt":"2025-08-11T09:55:36","guid":{"rendered":"https:\/\/eticheteambalaje.ro\/?page_id=16"},"modified":"2025-08-26T11:16:36","modified_gmt":"2025-08-26T11:16:36","slug":"despre","status":"publish","type":"page","link":"https:\/\/eticheteambalaje.ro\/?page_id=16","title":{"rendered":"Despre"},"content":{"rendered":"<div class=\"wpb-content-wrapper\"><p>[vc_row equal_height=&#8221;yes&#8221;][vc_column offset=&#8221;vc_hidden-lg vc_hidden-md vc_hidden-sm&#8221;][vc_empty_space height=&#8221;62px&#8221;][vc_column_text]<\/p>\n<h1><strong><span style=\"color: #808080;\">De la<\/span> digital<\/strong><\/h1>\n<h1><strong><span style=\"color: #000000;\">la print <span style=\"color: #808080;\">digital suntem noi<\/span><\/span><\/strong><\/h1>\n<p>[\/vc_column_text][vc_column_text css=&#8221;&#8221;]<strong>etichete ambalaje<\/strong> \u00eenseamn\u0103 printul de care ai nevoie, \u00een spatele c\u0103ruia st\u0103 peste un deceniu petrecut \u00een publicitate. \u0218tim foarte bine c\u00e2t de mult conteaz\u0103 un print executat bine \u0219i c\u00e2t\u0103 greutate are, de fapt, o simpl\u0103 h\u00e2rtie \u021binut\u0103 \u00een m\u00e2n\u0103 sau o imagine pe care o vezi pe strad\u0103 ori la un eveniment.<br \/>\n\u00cen 2021, ne-am hot\u0103r\u00e2t s\u0103 oferim noi ceea ce nu am reu\u0219it s\u0103 le g\u0103sim \u00eentr-un singur loc: punctualitate, calitatea materialelor, culori speciale, consultan\u021b\u0103 profesional\u0103 \u0219i tip\u0103rirea unei mostre pentru a vedea digitalul \u00een analog.[\/vc_column_text][vc_row_inner gap=&#8221;25&#8243; css=&#8221;.vc_custom_1692541262997{background-color: #000000 !important;}&#8221;][vc_column_inner][vc_single_image image=&#8221;52&#8243; img_size=&#8221;full&#8221; css=&#8221;.vc_custom_1756206975725{margin-top: 0px !important;padding-top: 0px !important;}&#8221;][vc_empty_space][vc_column_text]<\/p>\n<h3 class=\"p1\"><span style=\"color: #ffffff;\">Consultan\u021b\u0103 specializat\u0103<\/span><\/h3>\n<p><span style=\"color: #c4c4c4;\">Pentru c\u0103 \u0219tim deja totul de la design la print, te putem sf\u0103tui cu privire la tipuri de h\u00e2rtii, grosimi \u0219i cum s\u0103 alegi varianta potrivit\u0103 pentru materiale. O \u00eent\u00e2lnire fa\u021b\u0103 \u00een fa\u021b\u0103 poate evita lipsa de comunicare care poate ap\u0103rea la telefon sau e-mail.<\/span>[\/vc_column_text][vc_column_text]<\/p>\n<h3 class=\"p1\"><span style=\"color: #333333;\"><span style=\"color: #ffffff;\">Punctualitate<\/span><br \/>\n<\/span><\/h3>\n<p><span style=\"color: #c4c4c4;\">\u00cencrez\u0103tori \u00een \u00een\u021belegerea ideilor creative, a tehnicilor de imprimare \u0219i a presiunii termenelor limit\u0103. Fie c\u0103 este vorba de o specifica\u021bie simpl\u0103 sau de una complex\u0103 \u0219i personalizat\u0103, suntem pasiona\u021bi de crearea unor lucr\u0103ri frumoase livrate la timp.<\/span>[\/vc_column_text][vc_column_text]<\/p>\n<h3 class=\"p1\"><span style=\"color: #333333;\"><span style=\"color: #ffffff;\">Model de print la cerere<\/span><br \/>\n<\/span><\/h3>\n<p><span style=\"color: #c4c4c4;\">\u00cenainte s\u0103-\u021bi livr\u0103m o comand\u0103 de c\u00e2teva zeci sau sute de buc\u0103\u021bi, putem s\u0103-\u021bi oferim, la cerere, o mostr\u0103 pentru a testa calitatea \u0219i printul.<\/span>[\/vc_column_text][vc_column_text]<\/p>\n<h3><span style=\"color: #333333;\"><span style=\"color: #ffffff;\">Livrare oriunde \u00een \u021bar\u0103<\/span><br \/>\n<\/span><\/h3>\n<p><span style=\"color: #c4c4c4;\">Azi la Timi\u0219oara, m\u00e2ine-n toat\u0103 \u021bara! Pe acest principiu, livr\u0103m oriunde \u00een \u021bar\u0103, prin serviciile de curierat rapid.<\/span>[\/vc_column_text][vc_column_text]<\/p>\n<h3><span style=\"color: #333333;\"><span style=\"color: #ffffff;\">Avem o gam\u0103 larga de h\u00e2rtii \u0219i materiale de print <\/span><br \/>\n<\/span><\/h3>\n<p><span style=\"color: #c4c4c4;\">Suntem m\u00e2ndrii de rela\u021biile noastre cu produc\u0103torii celor mai bune \u0219i diversificate \u00a0h\u00e2rtii de art\u0103 din \u021bar\u0103. Tip\u0103rirea la noi bazeaz\u0103 pe materiale \u0219i tehnologii de cea mai bun\u0103 calitate.<\/span>[\/vc_column_text][\/vc_column_inner][\/vc_row_inner][vc_empty_space height=&#8221;82px&#8221;][\/vc_column][\/vc_row][vc_row equal_height=&#8221;yes&#8221;][vc_column width=&#8221;3\/4&#8243; offset=&#8221;vc_hidden-xs&#8221;][vc_empty_space height=&#8221;62px&#8221;][vc_column_text]<\/p>\n<h1><strong><span style=\"color: #808080;\">De la<\/span> digital<\/strong><\/h1>\n<h1><strong><span style=\"color: #000000;\">la print <span style=\"color: #808080;\">digital suntem noi<\/span><\/span><\/strong><\/h1>\n<p>[\/vc_column_text][vc_column_text css=&#8221;&#8221;]<span style=\"font-weight: 300; font-size: 20px;\"><strong>etichete ambalaje<\/strong> \u00eenseamn\u0103 printul de care ai nevoie, \u00een spatele c\u0103ruia st\u0103 peste un deceniu petrecut \u00een publicitate. \u0218tim foarte bine c\u00e2t de mult conteaz\u0103 un print executat bine \u0219i c\u00e2t\u0103 greutate are, de fapt, o simpl\u0103 h\u00e2rtie \u021binut\u0103 \u00een m\u00e2n\u0103 sau o imagine pe care o vezi pe strad\u0103 ori la un eveniment.<br \/>\n\u00cen 2022, ne-am hot\u0103r\u00e2t s\u0103 oferim noi ceea ce nu am reu\u0219it s\u0103 le g\u0103sim \u00eentr-un singur loc: punctualitate, calitatea materialelor, printuri speciale, consultan\u021b\u0103 profesional\u0103 \u0219i tip\u0103rirea unei mostre pentru a vedea digitalul \u00een analog.<\/span>[\/vc_column_text][vc_empty_space height=&#8221;82px&#8221;][\/vc_column][vc_column width=&#8221;1\/4&#8243;][\/vc_column][\/vc_row][vc_row full_width=&#8221;stretch_row&#8221; css=&#8221;.vc_custom_1692462255839{background-color: #000000 !important;}&#8221;][vc_column width=&#8221;1\/2&#8243; offset=&#8221;vc_hidden-xs&#8221;][vc_empty_space height=&#8221;64px&#8221;][vc_row_inner gap=&#8221;25&#8243;][vc_column_inner width=&#8221;1\/2&#8243;][vc_column_text]<\/p>\n<h3 class=\"p1\"><span style=\"color: #ffffff;\">Consultan\u021b\u0103 specializat\u0103<\/span><\/h3>\n<p><span style=\"color: #c4c4c4;\">Pentru c\u0103 \u0219tim deja totul de la design la print, te putem sf\u0103tui cu privire la tipuri de h\u00e2rtii, grosimi \u0219i cum s\u0103 alegi varianta potrivit\u0103 pentru materiale. O \u00eent\u00e2lnire fa\u021b\u0103 \u00een fa\u021b\u0103 poate evita lipsa de comunicare care poate ap\u0103rea la telefon sau e-mail.<\/span>[\/vc_column_text][vc_column_text]<\/p>\n<h3 class=\"p1\"><span style=\"color: #333333;\"><span style=\"color: #ffffff;\">Punctualitate<\/span><br \/>\n<\/span><\/h3>\n<p><span style=\"color: #c4c4c4;\">\u00cencrez\u0103tori \u00een \u00een\u021belegerea ideilor creative, a tehnicilor de imprimare \u0219i a presiunii termenelor limit\u0103. Fie c\u0103 este vorba de o specifica\u021bie simpl\u0103 sau de una complex\u0103 \u0219i personalizat\u0103, suntem pasiona\u021bi de crearea unor lucr\u0103ri frumoase livrate la timp.<\/span>[\/vc_column_text][\/vc_column_inner][vc_column_inner width=&#8221;1\/2&#8243;][vc_column_text]<\/p>\n<h3 class=\"p1\"><span style=\"color: #333333;\"><span style=\"color: #ffffff;\">Model de print la cerere<\/span><br \/>\n<\/span><\/h3>\n<p><span style=\"color: #c4c4c4;\">\u00cenainte s\u0103-\u021bi livr\u0103m o comand\u0103 de c\u00e2teva zeci sau sute de buc\u0103\u021bi, putem s\u0103-\u021bi oferim, la cerere, o mostr\u0103 pentru a testa calitatea \u0219i printul.<\/span>[\/vc_column_text][vc_column_text]<\/p>\n<h3><span style=\"color: #333333;\"><span style=\"color: #ffffff;\">Livrare oriunde \u00een \u021bar\u0103<\/span><br \/>\n<\/span><\/h3>\n<p><span style=\"color: #c4c4c4;\">Azi la Timi\u0219oara, m\u00e2ine-n toat\u0103 \u021bara! Pe acest principiu, livr\u0103m oriunde \u00een \u021bar\u0103, prin serviciile de curierat rapid.<\/span>[\/vc_column_text][vc_column_text]<\/p>\n<h3><span style=\"color: #333333;\"><span style=\"color: #ffffff;\">Avem o gam\u0103 larga de h\u00e2rtii \u0219i materiale de print <\/span><br \/>\n<\/span><\/h3>\n<p><span style=\"color: #c4c4c4;\">Suntem m\u00e2ndrii de rela\u021biile noastre cu produc\u0103torii celor mai bune \u0219i diversificate \u00a0h\u00e2rtii de art\u0103 din \u021bar\u0103. Tip\u0103rirea la noi bazeaz\u0103 pe materiale \u0219i tehnologii de cea mai bun\u0103 calitate.<\/span>[\/vc_column_text][\/vc_column_inner][\/vc_row_inner][vc_empty_space height=&#8221;64px&#8221;][\/vc_column][vc_column width=&#8221;1\/2&#8243; offset=&#8221;vc_hidden-xs&#8221;][vc_empty_space height=&#8221;64px&#8221;][vc_single_image image=&#8221;2609&#8243; img_size=&#8221;full&#8221;][\/vc_column][\/vc_row][vc_row equal_height=&#8221;yes&#8221;][vc_column width=&#8221;2\/3&#8243;][vc_empty_space height=&#8221;82px&#8221;][vc_column_text css=&#8221;&#8221;]<\/p>\n<h2 class=\"p1\"><span style=\"color: #000000;\">Cariere<\/span><\/h2>\n<div class=\"wpb_text_column wpb_content_element \">\n<div class=\"wpb_wrapper\">\n<p><span style=\"font-weight: 300; font-size: 20px;\">Nu ne oprim din c\u0103utat min\u021bi creative \u0219i oameni talenta\u021bi. Dac\u0103 \u00eemp\u0103rt\u0103\u0219e\u0219ti viziunea noastr\u0103 despre frumos \u0219i e\u0219ti priceput\/\u0103 \u00een Adobe, d\u0103-ne o veste.<\/span><\/p>\n<\/div>\n<\/div>\n<p>[\/vc_column_text][vc_empty_space height=&#8221;82px&#8221;][\/vc_column][vc_column width=&#8221;1\/3&#8243;][vc_empty_space height=&#8221;82px&#8221;]\t\t\t<link rel=\"stylesheet\" id=\"basel-el-images-gallery-css\" href=\"https:\/\/eticheteambalaje.ro\/wp-content\/themes\/basel-2\/css\/parts\/el-images-gallery.min.css?ver=5.7.2\" type=\"text\/css\" media=\"all\" \/> \t\t\t\t\t\t<div id=\"gallery_185\" class=\"basel-images-gallery  spacing-0 columns-1 view-masonry\" >\n\t\t\t\t<div class=\"gallery-images \">\n\t\t\t\t\t\t\t\t\t\t\t\t\t\t\t\t\t\t<div class=\"basel-gallery-item\">\n\t\t\t\t\t\t\t\t\t\t\t\t\t\t\t\n\t\t\t\t\t\t\t\t\t\t\t\t\t\t\t\t\t<img loading=\"lazy\" decoding=\"async\" width=\"1776\" height=\"1184\" src=\"https:\/\/eticheteambalaje.ro\/wp-content\/uploads\/2025\/08\/DSCF4810.jpg\" class=\"basel-gallery-image image-1 attachment-full\" alt=\"\" title=\"DSCF4810\" srcset=\"https:\/\/eticheteambalaje.ro\/wp-content\/uploads\/2025\/08\/DSCF4810.jpg 1776w, https:\/\/eticheteambalaje.ro\/wp-content\/uploads\/2025\/08\/DSCF4810-300x200.jpg 300w, https:\/\/eticheteambalaje.ro\/wp-content\/uploads\/2025\/08\/DSCF4810-1024x683.jpg 1024w, https:\/\/eticheteambalaje.ro\/wp-content\/uploads\/2025\/08\/DSCF4810-768x512.jpg 768w, https:\/\/eticheteambalaje.ro\/wp-content\/uploads\/2025\/08\/DSCF4810-1536x1024.jpg 1536w\" sizes=\"auto, (max-width: 1776px) 100vw, 1776px\" \/>\t\t\t\t\t\t\t\t\n\t\t\t\t\t\t\t\t\t\t\t\t\t\t\t<\/div>\n\t\t\t\t\t\t\t\t\t\t\t\t\t\t\t<\/div>\n\t\t\t<\/div>\n\t\t\t\t\t\t\t<script type=\"text\/javascript\">\n\t\t\t\t\tjQuery( document ).ready(function( $ ) {\n\t\t                if (typeof($.fn.isotope) == 'undefined' || typeof($.fn.imagesLoaded) == 'undefined') return;\n\t\t                var $container = $('.view-masonry .gallery-images');\n\n\t\t                \/\/ initialize Masonry after all images have loaded\n\t\t                $container.imagesLoaded(function() {\n\t\t                    $container.isotope({\n\t\t                        gutter: 0,\n\t\t                        isOriginLeft: ! $('body').hasClass('rtl'),\n\t\t                        itemSelector: '.basel-gallery-item'\n\t\t                    });\n\t\t                });\n\t\t\t\t\t});\n\t\t\t\t<\/script>\n\t\t\t\t\t[\/vc_column][\/vc_row][vc_row][vc_column][vc_empty_space height=&#8221;62px&#8221;][vc_empty_space height=&#8221;62px&#8221;][vc_column_text]<\/p>\n<h1 style=\"text-align: center;\">It\u2019s not all digital. <span style=\"color: #808080;\">Sometimes it\u2019s <span style=\"color: #000000;\">digitally printed<\/span><\/span><\/h1>\n<p>[\/vc_column_text][vc_btn title=&#8221;\u00cencepe un proiect&#8221; color=&#8221;white&#8221; align=&#8221;center&#8221; css=&#8221;.vc_custom_1756206922078{background-color: #ffffff !important;}&#8221; link=&#8221;url:https%3A%2F%2Feticheteambalaje.ro%2F%3Fpage_id%3D13|title:contact&#8221;][vc_empty_space height=&#8221;62px&#8221;][\/vc_column][\/vc_row]<\/p>\n<\/div>","protected":false},"excerpt":{"rendered":"<p>[vc_row equal_height=&#8221;yes&#8221;][vc_column offset=&#8221;vc_hidden-lg vc_hidden-md vc_hidden-sm&#8221;][vc_empty_space height=&#8221;62px&#8221;][vc_column_text] De la digital la print digital suntem noi [\/vc_column_text][vc_column_text css=&#8221;&#8221;]etichete ambalaje \u00eenseamn\u0103 printul de<\/p>\n","protected":false},"author":1,"featured_media":0,"parent":0,"menu_order":0,"comment_status":"closed","ping_status":"closed","template":"","meta":{"footnotes":""},"class_list":["post-16","page","type-page","status-publish","hentry"],"_links":{"self":[{"href":"https:\/\/eticheteambalaje.ro\/index.php?rest_route=\/wp\/v2\/pages\/16","targetHints":{"allow":["GET"]}}],"collection":[{"href":"https:\/\/eticheteambalaje.ro\/index.php?rest_route=\/wp\/v2\/pages"}],"about":[{"href":"https:\/\/eticheteambalaje.ro\/index.php?rest_route=\/wp\/v2\/types\/page"}],"author":[{"embeddable":true,"href":"https:\/\/eticheteambalaje.ro\/index.php?rest_route=\/wp\/v2\/users\/1"}],"replies":[{"embeddable":true,"href":"https:\/\/eticheteambalaje.ro\/index.php?rest_route=%2Fwp%2Fv2%2Fcomments&post=16"}],"version-history":[{"count":8,"href":"https:\/\/eticheteambalaje.ro\/index.php?rest_route=\/wp\/v2\/pages\/16\/revisions"}],"predecessor-version":[{"id":55,"href":"https:\/\/eticheteambalaje.ro\/index.php?rest_route=\/wp\/v2\/pages\/16\/revisions\/55"}],"wp:attachment":[{"href":"https:\/\/eticheteambalaje.ro\/index.php?rest_route=%2Fwp%2Fv2%2Fmedia&parent=16"}],"curies":[{"name":"wp","href":"https:\/\/api.w.org\/{rel}","templated":true}]}}