{"id":2,"date":"2025-07-01T10:30:09","date_gmt":"2025-07-01T10:30:09","guid":{"rendered":"https:\/\/eticheteambalaje.ro\/?page_id=2"},"modified":"2025-08-26T11:12:33","modified_gmt":"2025-08-26T11:12:33","slug":"pagina-exemplu","status":"publish","type":"page","link":"https:\/\/eticheteambalaje.ro\/","title":{"rendered":"acasa"},"content":{"rendered":"<div class=\"wpb-content-wrapper\"><p>[vc_row][vc_column offset=&#8221;vc_hidden-lg vc_hidden-md vc_hidden-sm&#8221;][vc_empty_space height=&#8221;84px&#8221;][vc_column_text css=&#8221;&#8221;]<\/p>\n<h1 style=\"text-align: left;\"><strong><span style=\"color: #808080;\"><span style=\"color: #000000;\">Print\u0103m ambalaje<\/span> pentru orice produs. <\/span><\/strong><\/h1>\n<p>[\/vc_column_text][vc_empty_space height=&#8221;84px&#8221;][vc_column_text]<span style=\"font-weight: 300; font-size: 20px;\">\u00centr-o lume digital\u0103, bucuriile noastre sunt \u00een continuare analogice, iar impactul unei simple h\u00e2rtii const\u0103 acum \u00een calitate, format, gramaj \u0219i, cel mai important, informa\u021bia pe care o transmite.<\/span>[\/vc_column_text][\/vc_column][\/vc_row][vc_row full_width=&#8221;stretch_row_content_no_spaces&#8221; css=&#8221;.vc_custom_1692537831471{background-color: #efefef !important;}&#8221;][vc_column offset=&#8221;vc_hidden-lg vc_hidden-md vc_hidden-sm&#8221;][vc_empty_space height=&#8221;42px&#8221;][vc_row_inner css=&#8221;.vc_custom_1692538508316{margin-bottom: 0px !important;padding-bottom: 0px !important;}&#8221;][vc_column_inner width=&#8221;1\/6&#8243; offset=&#8221;vc_col-xs-1\/5&#8243;][vc_separator color=&#8221;black&#8221; align=&#8221;align_right&#8221; border_width=&#8221;4&#8243; el_width=&#8221;70&#8243; css=&#8221;.vc_custom_1692538481936{padding-top: 16px !important;}&#8221;][\/vc_column_inner][vc_column_inner width=&#8221;5\/6&#8243; offset=&#8221;vc_col-xs-4\/5&#8243; css=&#8221;.vc_custom_1692538126785{margin-bottom: 8px !important;padding-bottom: 8px !important;}&#8221;][vc_column_text css=&#8221;.vc_custom_1692537983402{padding-left: 20px !important;}&#8221;]<\/p>\n<h2>Servicii<\/h2>\n<p>[\/vc_column_text][\/vc_column_inner][\/vc_row_inner][vc_tta_accordion section_title_tag=&#8221;h3&#8243; style=&#8221;flat&#8221; shape=&#8221;square&#8221; color=&#8221;white&#8221; spacing=&#8221;2&#8243; gap=&#8221;1&#8243; c_position=&#8221;right&#8221; active_section=&#8221;&#8221; css=&#8221;.vc_custom_1693588623711{background-color: #000000 !important;}&#8221;][vc_tta_section title=&#8221;Print digital&#8221; tab_id=&#8221;1692537272203-3013cf19-12b9&#8243;][vc_column_text css=&#8221;.vc_custom_1692538546397{padding-left: 20px !important;}&#8221;]Bro\u0219uri<br \/>\nC\u0103r\u021bi de vizit\u0103<br \/>\nColi cu antet<br \/>\nMape de prezentare<br \/>\nPliante<br \/>\nFlyere<br \/>\nSticker personalizat<br \/>\nPlanner \/ Re\u021betar<br \/>\nAutocolante<br \/>\nEcusoane<br \/>\nFelicit\u0103ri<br \/>\nFotografii<br \/>\nMeniuri<br \/>\nEtichete<br \/>\nAfi\u0219e\/ postere<br \/>\nA3, A4, A5, A2, A0[\/vc_column_text][\/vc_tta_section][vc_tta_section title=&#8221;Print ambalaje&#8221; tab_id=&#8221;1692537272213-752225db-3990&#8243;][vc_column_text css=&#8221;.vc_custom_1755504708894{padding-left: 20px !important;}&#8221;]Cutii pliabile<br \/>\nCutii rigide (pentru b\u0103uturi, cadouri, electronice)<br \/>\nEtichete autoadezive (aplicate pe ambalaje, sticle, borcane, cutii)<br \/>\nPungi \u0219i plase personalizate (h\u00e2rtie, plastic, material textil)<br \/>\nAmbalaje flexibile (saci, plicuri cu zip, folii, doypack)<br \/>\nAmbalaje speciale cu finisaje (l\u0103cuire selectiv\u0103, folio, embosare, culori metalice)[\/vc_column_text][\/vc_tta_section][vc_tta_section title=&#8221;Semalistic\u0103 magazin&#8221; tab_id=&#8221;1692537272224-853767dc-59f0&#8243;][vc_column_text css=&#8221;.vc_custom_1692538582611{padding-left: 20px !important;}&#8221;]Print folie<br \/>\nAutocolant colorat<br \/>\nFolie \u0219ablat\u0103<br \/>\nSemne \u0219i indicatoare<br \/>\nPrint window graphic publicitar<br \/>\nPrint autocolant PVC publicitar<br \/>\nPrint PVC caserat cu autocolant<br \/>\nTapet personalizat[\/vc_column_text][\/vc_tta_section][\/vc_tta_accordion][vc_single_image image=&#8221;2321&#8243; img_size=&#8221;full&#8221; css=&#8221;.vc_custom_1693588516473{margin-top: 0px !important;padding-top: 0px !important;}&#8221;][vc_row_inner css=&#8221;.vc_custom_1692538508316{margin-bottom: 0px !important;padding-bottom: 0px !important;}&#8221;][vc_column_inner width=&#8221;1\/6&#8243; offset=&#8221;vc_col-xs-1\/5&#8243;][vc_separator color=&#8221;black&#8221; align=&#8221;align_right&#8221; border_width=&#8221;4&#8243; el_width=&#8221;70&#8243; css=&#8221;.vc_custom_1692538481936{padding-top: 16px !important;}&#8221;][\/vc_column_inner][vc_column_inner width=&#8221;5\/6&#8243; offset=&#8221;vc_col-xs-4\/5&#8243; css=&#8221;.vc_custom_1692538126785{margin-bottom: 8px !important;padding-bottom: 8px !important;}&#8221;][vc_column_text css=&#8221;.vc_custom_1693588060179{padding-left: 20px !important;}&#8221;]<\/p>\n<h2>Despre noi<\/h2>\n<p>[\/vc_column_text][\/vc_column_inner][\/vc_row_inner][vc_column_text css=&#8221;.vc_custom_1728135626202{margin-bottom: 40px !important;padding-top: 40px !important;padding-right: 4px !important;padding-bottom: 40px !important;padding-left: 12px !important;background-color: #ffffff !important;}&#8221;]<\/p>\n<h4><strong>Miori\u021ba Verde<\/strong> \u00eenseamn\u0103 printul de care ai nevoie, \u00een spatele c\u0103ruia st\u0103 peste un deceniu petrecut \u00een publicitate.<\/h4>\n<p>&nbsp;<\/p>\n<h4><u><a href=\"https:\/\/www.mioritaverde.ro\/despre-noi\/\"><strong>Vezi cine suntem<\/strong><\/a><\/u><\/h4>\n<p>[\/vc_column_text][vc_single_image image=&#8221;2560&#8243; img_size=&#8221;full&#8221; css=&#8221;.vc_custom_1728135658237{margin-top: 0px !important;margin-bottom: 0px !important;padding-top: 0px !important;padding-bottom: 0px !important;}&#8221;][\/vc_column][\/vc_row][vc_row full_width=&#8221;stretch_row&#8221; css=&#8221;.vc_custom_1756205481534{background-image: url(https:\/\/eticheteambalaje.ro\/wp-content\/uploads\/2025\/08\/etichete-ambalaje.webp?id=44) !important;background-position: center !important;background-repeat: no-repeat !important;background-size: cover !important;}&#8221;][vc_column width=&#8221;5\/6&#8243; offset=&#8221;vc_hidden-xs&#8221;][vc_empty_space height=&#8221;164px&#8221;][vc_column_text css=&#8221;&#8221;]<\/p>\n<h1 style=\"text-align: left;\"><strong><span style=\"color: #808080;\"><span style=\"color: #000000;\">Print\u0103m ambalaje pentru<\/span> orice produs. <\/span><\/strong><\/h1>\n<p>[\/vc_column_text][vc_separator color=&#8221;custom&#8221; align=&#8221;align_left&#8221; css=&#8221;&#8221; accent_color=&#8221;#D93E68&#8243;][vc_btn title=&#8221;Cere ofert\u0103&#8221; style=&#8221;flat&#8221; shape=&#8221;square&#8221; color=&#8221;white&#8221; size=&#8221;lg&#8221; css=&#8221;&#8221; link=&#8221;url:https%3A%2F%2Feticheteambalaje.ro%2F%3Fpage_id%3D13|title:contact&#8221;][vc_empty_space height=&#8221;124px&#8221;][\/vc_column][vc_column width=&#8221;1\/6&#8243;][\/vc_column][\/vc_row][vc_row][vc_column width=&#8221;3\/4&#8243; offset=&#8221;vc_hidden-xs&#8221;][vc_empty_space height=&#8221;42px&#8221;][vc_column_text css=&#8221;&#8221;]<\/p>\n<h2><span style=\"color: #000000;\">Tipar digital\u00a0| <\/span>Print outdoor\u00a0|\u00a0<span style=\"color: #000000;\">Semnalistic\u0103 evenimente \u0219i magazine<\/span>|\u00a0<a href=\"https:\/\/www.celmaitarestudios.com\">Grafic\u0103<\/a><\/h2>\n<p>[\/vc_column_text][vc_column_text css=&#8221;&#8221;]<span style=\"font-weight: 300; font-size: 20px;\">\u00centr-o lume digital\u0103, impactul real se vede \u00een detalii palpabile: calitatea materialului, formatul, gramajul \u0219i informa\u021bia corect transmis\u0103 prin etichet\u0103 \u0219i ambalaj. Cu o experien\u021b\u0103 de peste un deceniu \u00een colaborarea cu tipografii din \u021bar\u0103, am \u00eenv\u0103\u021bat c\u0103 diferen\u021ba o fac punctualitatea \u0219i respectarea termenelor, calitatea constant\u0103 \u0219i solu\u021biile tehnice adaptate fiec\u0103rui proiect.<br \/>\nOferim servicii complete de print pentru ambalaje \u0219i etichete, de la solu\u021bii standard p\u00e2n\u0103 la finisaje speciale \u2013 l\u0103cuire selectiv\u0103, culori metalice, embosare. Credem c\u0103 un ambalaj bine g\u00e2ndit \u00eenseamn\u0103 nu doar protec\u021bie, ci \u0219i un canal de comunicare eficient al brandului t\u0103u. Iar pentru noi, pre\u021bul corect \u0219i \u00eencrederea sunt la fel de importante ca tehnologia pe care o folosim.\u00a0\u00a0<\/span>[\/vc_column_text][vc_empty_space height=&#8221;42px&#8221;][\/vc_column][vc_column width=&#8221;1\/4&#8243;][\/vc_column][\/vc_row][vc_row full_width=&#8221;stretch_row&#8221; css=&#8221;.vc_custom_1756205658219{background-color: #DBDBDB !important;}&#8221;][vc_column][vc_column_text css=&#8221;&#8221;]<\/p>\n<h2>Servicii print<\/h2>\n<p>[\/vc_column_text][vc_row_inner][vc_column_inner width=&#8221;1\/3&#8243;][vc_column_text css=&#8221;.vc_custom_1756206631576{padding-left: 20px !important;}&#8221;]<strong>Cutii pliabile<\/strong><br \/>\n<strong>Cutii rigide<\/strong> (pentru b\u0103uturi, cadouri, electronice)<br \/>\n<strong>Etichete autoadezive<\/strong> (aplicate pe ambalaje, sticle, borcane, cutii)<br \/>\n<strong>Pungi \u0219i plase personalizate<\/strong> (h\u00e2rtie, plastic, material textil)<br \/>\n<strong>Ambalaje flexibile<\/strong> (saci, plicuri cu zip, folii, doypack)<br \/>\n<strong>Ambalaje speciale cu finisaje<\/strong> (l\u0103cuire selectiv\u0103, folio, embosare, culori metalice)[\/vc_column_text][\/vc_column_inner][vc_column_inner width=&#8221;1\/3&#8243;][vc_column_text css=&#8221;.vc_custom_1756206636176{padding-left: 20px !important;}&#8221;]<strong>Bro\u0219uri<\/strong><br \/>\n<strong>C\u0103r\u021bi de vizit\u0103<\/strong><br \/>\n<strong>Coli cu antet<\/strong><br \/>\n<strong>Mape de prezentare<\/strong><br \/>\n<strong>Pliante<\/strong><br \/>\n<strong>Flyere<\/strong><br \/>\n<strong>Sticker personalizat<\/strong><br \/>\n<strong>Planner \/ Re\u021betar<\/strong><br \/>\n<strong>Autocolante<\/strong><br \/>\n<strong>Ecusoane<\/strong><br \/>\n<strong>Felicit\u0103ri<\/strong><br \/>\n<strong>Fotografii<\/strong><br \/>\n<strong>Meniuri<\/strong><br \/>\n<strong>Etichete<\/strong><br \/>\n<strong>Afi\u0219e\/ postere<\/strong><br \/>\n<strong>A3, A4, A5, A2, A0<\/strong>[\/vc_column_text][\/vc_column_inner][vc_column_inner width=&#8221;1\/3&#8243;][vc_column_text css=&#8221;.vc_custom_1756206640408{padding-left: 20px !important;}&#8221;]<strong>Print folie<\/strong><br \/>\n<strong>Autocolant colorat<\/strong><br \/>\n<strong>Folie \u0219ablat\u0103<\/strong><br \/>\n<strong>Semne \u0219i indicatoare<\/strong><br \/>\n<strong>Print window graphic publicitar<\/strong><br \/>\n<strong>Print autocolant PVC publicitar<\/strong><br \/>\n<strong>Print PVC caserat cu autocolant<\/strong><br \/>\n<strong>Tapet personalizat<\/strong>[\/vc_column_text][\/vc_column_inner][\/vc_row_inner][vc_empty_space height=&#8221;42px&#8221;][\/vc_column][\/vc_row][vc_row full_width=&#8221;stretch_row&#8221; css=&#8221;.vc_custom_1755505687809{background-color: #D93E68 !important;}&#8221;][vc_column offset=&#8221;vc_hidden-sm vc_hidden-xs&#8221;][vc_empty_space height=&#8221;42px&#8221;][vc_row_inner gap=&#8221;25&#8243;][vc_column_inner width=&#8221;1\/2&#8243;][vc_single_image image=&#8221;39&#8243; img_size=&#8221;full&#8221; css=&#8221;&#8221;][\/vc_column_inner][vc_column_inner width=&#8221;1\/2&#8243;][vc_column_text css=&#8221;&#8221; basel_color_scheme=&#8221;light&#8221;]<\/p>\n<h2>Servicii adaptate pentru a satisface nevoile profesioni\u0219tilor.<\/h2>\n<p>[\/vc_column_text][vc_column_text css=&#8221;&#8221; basel_color_scheme=&#8221;light&#8221;]Oferim servicii de print pentru etichete, ambalaje, mape, semnalistic\u0103, semne de circula\u021bie, stickere, etichete pentru vinuri \u0219i b\u0103uturi, ambalaje \u0219i plase de toate dimensiunile, steaguri \u0219i printuri pe diverse materiale.\u201d[\/vc_column_text][vc_column_text css=&#8221;&#8221; basel_color_scheme=&#8221;light&#8221;]<\/p>\n<h4><u><a href=\"https:\/\/www.mioritaverde.ro\/lucrari\/\"><strong>Vezi proiecte<\/strong><\/a><\/u><\/h4>\n<p>[\/vc_column_text][\/vc_column_inner][\/vc_row_inner][vc_empty_space height=&#8221;42px&#8221;][vc_row_inner][vc_column_inner width=&#8221;1\/3&#8243;][vc_single_image image=&#8221;42&#8243; img_size=&#8221;full&#8221; css=&#8221;&#8221;][\/vc_column_inner][vc_column_inner width=&#8221;1\/3&#8243;][vc_single_image image=&#8221;40&#8243; img_size=&#8221;full&#8221; css=&#8221;&#8221;][\/vc_column_inner][vc_column_inner width=&#8221;1\/3&#8243;][vc_single_image image=&#8221;41&#8243; img_size=&#8221;full&#8221; css=&#8221;&#8221;][\/vc_column_inner][\/vc_row_inner][\/vc_column][\/vc_row]<\/p>\n<\/div>","protected":false},"excerpt":{"rendered":"<p>[vc_row][vc_column offset=&#8221;vc_hidden-lg vc_hidden-md vc_hidden-sm&#8221;][vc_empty_space height=&#8221;84px&#8221;][vc_column_text css=&#8221;&#8221;] Print\u0103m ambalaje pentru orice produs. [\/vc_column_text][vc_empty_space height=&#8221;84px&#8221;][vc_column_text]\u00centr-o lume digital\u0103, bucuriile noastre sunt \u00een continuare<\/p>\n","protected":false},"author":1,"featured_media":0,"parent":0,"menu_order":0,"comment_status":"closed","ping_status":"open","template":"","meta":{"footnotes":""},"class_list":["post-2","page","type-page","status-publish","hentry"],"_links":{"self":[{"href":"https:\/\/eticheteambalaje.ro\/index.php?rest_route=\/wp\/v2\/pages\/2","targetHints":{"allow":["GET"]}}],"collection":[{"href":"https:\/\/eticheteambalaje.ro\/index.php?rest_route=\/wp\/v2\/pages"}],"about":[{"href":"https:\/\/eticheteambalaje.ro\/index.php?rest_route=\/wp\/v2\/types\/page"}],"author":[{"embeddable":true,"href":"https:\/\/eticheteambalaje.ro\/index.php?rest_route=\/wp\/v2\/users\/1"}],"replies":[{"embeddable":true,"href":"https:\/\/eticheteambalaje.ro\/index.php?rest_route=%2Fwp%2Fv2%2Fcomments&post=2"}],"version-history":[{"count":20,"href":"https:\/\/eticheteambalaje.ro\/index.php?rest_route=\/wp\/v2\/pages\/2\/revisions"}],"predecessor-version":[{"id":51,"href":"https:\/\/eticheteambalaje.ro\/index.php?rest_route=\/wp\/v2\/pages\/2\/revisions\/51"}],"wp:attachment":[{"href":"https:\/\/eticheteambalaje.ro\/index.php?rest_route=%2Fwp%2Fv2%2Fmedia&parent=2"}],"curies":[{"name":"wp","href":"https:\/\/api.w.org\/{rel}","templated":true}]}}